{"id":1394,"date":"2026-02-26T10:04:05","date_gmt":"2026-02-26T10:04:05","guid":{"rendered":"https:\/\/baptisten.at\/churches-in-lower-austria\/"},"modified":"2026-02-12T11:00:25","modified_gmt":"2026-02-12T11:00:25","slug":"churches-in-lower-austria","status":"publish","type":"page","link":"https:\/\/baptisten.at\/en\/churches-in-lower-austria\/","title":{"rendered":"Churches in Lower Austria"},"content":{"rendered":"\n<p><a href=\"https:\/\/www.freikirche-boeheimkirchen.org\/\" target=\"_blank\" rel=\"noreferrer noopener\">B\u00f6heimkirchen Free Church<\/a>, Brunnenfeldgasse 2, 3071 B\u00f6heimkirchen<\/p>\n\n<p><a href=\"https:\/\/baptisten.joyforlife.at\/\" target=\"_blank\" rel=\"noreferrer noopener\">Krems Joy for Life Baptist Church<\/a>, Austra\u00dfe 33, 3500 Krems<\/p>\n\n<p><a href=\"https:\/\/www.baptisten-krems.at\/\" target=\"_blank\" rel=\"noreferrer noopener\">Baptist Church Krems<\/a>, Lerchenfelderstra\u00dfe 3, 3500 Krems<\/p>\n\n<p><\/p>\n","protected":false},"excerpt":{"rendered":"<p>B\u00f6heimkirchen Free Church, Brunnenfeldgasse 2, 3071 B\u00f6heimkirchen Krems Joy for Life Baptist Church, Austra\u00dfe 33, 3500 Krems Baptist Church Krems, Lerchenfelderstra\u00dfe 3, 3500 Krems<\/p>\n","protected":false},"author":4,"featured_media":0,"parent":0,"menu_order":0,"comment_status":"closed","ping_status":"closed","template":"","meta":{"inspiro_hide_title":false,"footnotes":""},"class_list":["post-1394","page","type-page","status-publish","hentry"],"yoast_head":"<!-- This site is optimized with the Yoast SEO plugin v27.4 - https:\/\/yoast.com\/product\/yoast-seo-wordpress\/ -->\n<title>Churches in Lower Austria - Bund der Baptistengemeinden in \u00d6sterreich<\/title>\n<meta name=\"description\" content=\"Baptist Churches in Lower Austria\" \/>\n<meta name=\"robots\" content=\"index, follow, max-snippet:-1, max-image-preview:large, max-video-preview:-1\" \/>\n<link rel=\"canonical\" href=\"https:\/\/baptisten.at\/en\/churches-in-lower-austria\/\" \/>\n<meta property=\"og:locale\" content=\"en_US\" \/>\n<meta property=\"og:type\" content=\"article\" \/>\n<meta property=\"og:title\" content=\"Churches in Lower Austria - Bund der Baptistengemeinden in \u00d6sterreich\" \/>\n<meta property=\"og:description\" content=\"Baptist Churches in Lower Austria\" \/>\n<meta property=\"og:url\" content=\"https:\/\/baptisten.at\/en\/churches-in-lower-austria\/\" \/>\n<meta property=\"og:site_name\" content=\"Bund der Baptistengemeinden in \u00d6sterreich\" \/>\n<meta name=\"twitter:card\" content=\"summary_large_image\" \/>\n<script type=\"application\/ld+json\" class=\"yoast-schema-graph\">{\"@context\":\"https:\\\/\\\/schema.org\",\"@graph\":[{\"@type\":\"WebPage\",\"@id\":\"https:\\\/\\\/baptisten.at\\\/en\\\/churches-in-lower-austria\\\/\",\"url\":\"https:\\\/\\\/baptisten.at\\\/en\\\/churches-in-lower-austria\\\/\",\"name\":\"Churches in Lower Austria - Bund der Baptistengemeinden in \u00d6sterreich\",\"isPartOf\":{\"@id\":\"https:\\\/\\\/baptisten.at\\\/en\\\/#website\"},\"datePublished\":\"2026-02-26T10:04:05+00:00\",\"description\":\"Baptist Churches in Lower Austria\",\"breadcrumb\":{\"@id\":\"https:\\\/\\\/baptisten.at\\\/en\\\/churches-in-lower-austria\\\/#breadcrumb\"},\"inLanguage\":\"en-US\",\"potentialAction\":[{\"@type\":\"ReadAction\",\"target\":[\"https:\\\/\\\/baptisten.at\\\/en\\\/churches-in-lower-austria\\\/\"]}]},{\"@type\":\"BreadcrumbList\",\"@id\":\"https:\\\/\\\/baptisten.at\\\/en\\\/churches-in-lower-austria\\\/#breadcrumb\",\"itemListElement\":[{\"@type\":\"ListItem\",\"position\":1,\"name\":\"Home\",\"item\":\"https:\\\/\\\/baptisten.at\\\/en\\\/\"},{\"@type\":\"ListItem\",\"position\":2,\"name\":\"Churches in Lower Austria\"}]},{\"@type\":\"WebSite\",\"@id\":\"https:\\\/\\\/baptisten.at\\\/en\\\/#website\",\"url\":\"https:\\\/\\\/baptisten.at\\\/en\\\/\",\"name\":\"Bund der Baptistengemeinden in \u00d6sterreich\",\"description\":\"\",\"publisher\":{\"@id\":\"https:\\\/\\\/baptisten.at\\\/en\\\/#organization\"},\"potentialAction\":[{\"@type\":\"SearchAction\",\"target\":{\"@type\":\"EntryPoint\",\"urlTemplate\":\"https:\\\/\\\/baptisten.at\\\/en\\\/?s={search_term_string}\"},\"query-input\":{\"@type\":\"PropertyValueSpecification\",\"valueRequired\":true,\"valueName\":\"search_term_string\"}}],\"inLanguage\":\"en-US\"},{\"@type\":\"Organization\",\"@id\":\"https:\\\/\\\/baptisten.at\\\/en\\\/#organization\",\"name\":\"Bund der Baptistengemeinden in \u00d6sterreich\",\"url\":\"https:\\\/\\\/baptisten.at\\\/en\\\/\",\"logo\":{\"@type\":\"ImageObject\",\"inLanguage\":\"en-US\",\"@id\":\"https:\\\/\\\/baptisten.at\\\/en\\\/#\\\/schema\\\/logo\\\/image\\\/\",\"url\":\"https:\\\/\\\/baptisten.at\\\/wp-content\\\/uploads\\\/2022\\\/12\\\/cropped-logo.png\",\"contentUrl\":\"https:\\\/\\\/baptisten.at\\\/wp-content\\\/uploads\\\/2022\\\/12\\\/cropped-logo.png\",\"width\":192,\"height\":87,\"caption\":\"Bund der Baptistengemeinden in \u00d6sterreich\"},\"image\":{\"@id\":\"https:\\\/\\\/baptisten.at\\\/en\\\/#\\\/schema\\\/logo\\\/image\\\/\"}}]}<\/script>\n<!-- \/ Yoast SEO plugin. -->","yoast_head_json":{"title":"Churches in Lower Austria - Bund der Baptistengemeinden in \u00d6sterreich","description":"Baptist Churches in Lower Austria","robots":{"index":"index","follow":"follow","max-snippet":"max-snippet:-1","max-image-preview":"max-image-preview:large","max-video-preview":"max-video-preview:-1"},"canonical":"https:\/\/baptisten.at\/en\/churches-in-lower-austria\/","og_locale":"en_US","og_type":"article","og_title":"Churches in Lower Austria - Bund der Baptistengemeinden in \u00d6sterreich","og_description":"Baptist Churches in Lower Austria","og_url":"https:\/\/baptisten.at\/en\/churches-in-lower-austria\/","og_site_name":"Bund der Baptistengemeinden in \u00d6sterreich","twitter_card":"summary_large_image","schema":{"@context":"https:\/\/schema.org","@graph":[{"@type":"WebPage","@id":"https:\/\/baptisten.at\/en\/churches-in-lower-austria\/","url":"https:\/\/baptisten.at\/en\/churches-in-lower-austria\/","name":"Churches in Lower Austria - Bund der Baptistengemeinden in \u00d6sterreich","isPartOf":{"@id":"https:\/\/baptisten.at\/en\/#website"},"datePublished":"2026-02-26T10:04:05+00:00","description":"Baptist Churches in Lower Austria","breadcrumb":{"@id":"https:\/\/baptisten.at\/en\/churches-in-lower-austria\/#breadcrumb"},"inLanguage":"en-US","potentialAction":[{"@type":"ReadAction","target":["https:\/\/baptisten.at\/en\/churches-in-lower-austria\/"]}]},{"@type":"BreadcrumbList","@id":"https:\/\/baptisten.at\/en\/churches-in-lower-austria\/#breadcrumb","itemListElement":[{"@type":"ListItem","position":1,"name":"Home","item":"https:\/\/baptisten.at\/en\/"},{"@type":"ListItem","position":2,"name":"Churches in Lower Austria"}]},{"@type":"WebSite","@id":"https:\/\/baptisten.at\/en\/#website","url":"https:\/\/baptisten.at\/en\/","name":"Bund der Baptistengemeinden in \u00d6sterreich","description":"","publisher":{"@id":"https:\/\/baptisten.at\/en\/#organization"},"potentialAction":[{"@type":"SearchAction","target":{"@type":"EntryPoint","urlTemplate":"https:\/\/baptisten.at\/en\/?s={search_term_string}"},"query-input":{"@type":"PropertyValueSpecification","valueRequired":true,"valueName":"search_term_string"}}],"inLanguage":"en-US"},{"@type":"Organization","@id":"https:\/\/baptisten.at\/en\/#organization","name":"Bund der Baptistengemeinden in \u00d6sterreich","url":"https:\/\/baptisten.at\/en\/","logo":{"@type":"ImageObject","inLanguage":"en-US","@id":"https:\/\/baptisten.at\/en\/#\/schema\/logo\/image\/","url":"https:\/\/baptisten.at\/wp-content\/uploads\/2022\/12\/cropped-logo.png","contentUrl":"https:\/\/baptisten.at\/wp-content\/uploads\/2022\/12\/cropped-logo.png","width":192,"height":87,"caption":"Bund der Baptistengemeinden in \u00d6sterreich"},"image":{"@id":"https:\/\/baptisten.at\/en\/#\/schema\/logo\/image\/"}}]}},"_links":{"self":[{"href":"https:\/\/baptisten.at\/en\/wp-json\/wp\/v2\/pages\/1394","targetHints":{"allow":["GET"]}}],"collection":[{"href":"https:\/\/baptisten.at\/en\/wp-json\/wp\/v2\/pages"}],"about":[{"href":"https:\/\/baptisten.at\/en\/wp-json\/wp\/v2\/types\/page"}],"author":[{"embeddable":true,"href":"https:\/\/baptisten.at\/en\/wp-json\/wp\/v2\/users\/4"}],"replies":[{"embeddable":true,"href":"https:\/\/baptisten.at\/en\/wp-json\/wp\/v2\/comments?post=1394"}],"version-history":[{"count":4,"href":"https:\/\/baptisten.at\/en\/wp-json\/wp\/v2\/pages\/1394\/revisions"}],"predecessor-version":[{"id":2302,"href":"https:\/\/baptisten.at\/en\/wp-json\/wp\/v2\/pages\/1394\/revisions\/2302"}],"wp:attachment":[{"href":"https:\/\/baptisten.at\/en\/wp-json\/wp\/v2\/media?parent=1394"}],"curies":[{"name":"wp","href":"https:\/\/api.w.org\/{rel}","templated":true}]}}