{"id":1396,"date":"2026-02-26T10:04:47","date_gmt":"2026-02-26T10:04:47","guid":{"rendered":"https:\/\/baptisten.at\/churches-in-upper-austria\/"},"modified":"2022-12-28T11:27:19","modified_gmt":"2022-12-28T11:27:19","slug":"churches-in-upper-austria","status":"publish","type":"page","link":"https:\/\/baptisten.at\/en\/churches-in-upper-austria\/","title":{"rendered":"Churches in Upper Austria"},"content":{"rendered":"\n<p><a href=\"https:\/\/www.baptisten-linz.at\/\" target=\"_blank\" rel=\"noreferrer noopener\">Linz Baptist Church<\/a>, Raimundstra\u00dfe 20, 4020 Linz<\/p>\n\n<p><a href=\"https:\/\/www.bbrl.at\/\" target=\"_blank\" rel=\"noreferrer noopener\">Linz Romanian Baptist Church<\/a>, Am Steinb\u00fchel 31, 4030 Linz<\/p>\n\n<p>Grein Romanian Baptist Church, Kirchenplatz 1, 4360 Grein<\/p>\n\n<p><a href=\"http:\/\/baptisten-steyr.at\/\" target=\"_blank\" rel=\"noreferrer noopener\">Steyr Baptist Church<\/a>, Damberggasse 12, 4400 Steyr<\/p>\n\n<p><a href=\"https:\/\/baptisten-badischl.net\/\" target=\"_blank\" rel=\"noreferrer noopener\">Bad Ischl Baptist Church<\/a>, G\u00f6tzstra\u00dfe 2, 4820 Bad Ischl<\/p>\n\n<p><a href=\"https:\/\/www.facebook.com\/Vesteabuna.at\" target=\"_blank\" rel=\"noreferrer noopener\">Romanian Baptist Church Vestea Buna V\u00f6cklabruck<\/a>, Dr. Alois Scherer-Stra\u00dfe 21, 4840 V\u00f6cklabruck<\/p>\n","protected":false},"excerpt":{"rendered":"<p>Linz Baptist Church, Raimundstra\u00dfe 20, 4020 Linz Linz Romanian Baptist Church, Am Steinb\u00fchel 31, 4030 Linz Grein Romanian Baptist Church, Kirchenplatz 1, 4360 Grein Steyr Baptist Church, Damberggasse 12, 4400 Steyr Bad Ischl Baptist Church, G\u00f6tzstra\u00dfe 2, 4820 Bad Ischl Romanian Baptist Church Vestea Buna V\u00f6cklabruck, Dr. Alois Scherer-Stra\u00dfe 21, 4840 V\u00f6cklabruck<\/p>\n","protected":false},"author":4,"featured_media":0,"parent":0,"menu_order":0,"comment_status":"closed","ping_status":"closed","template":"","meta":{"inspiro_hide_title":false,"footnotes":""},"class_list":["post-1396","page","type-page","status-publish","hentry"],"yoast_head":"<!-- This site is optimized with the Yoast SEO plugin v27.5 - https:\/\/yoast.com\/product\/yoast-seo-wordpress\/ -->\n<title>Churches in Upper Austria - Bund der Baptistengemeinden in \u00d6sterreich<\/title>\n<meta name=\"description\" content=\"Baptist Churches in Upper Austria\" \/>\n<meta name=\"robots\" content=\"index, follow, max-snippet:-1, max-image-preview:large, max-video-preview:-1\" \/>\n<link rel=\"canonical\" href=\"https:\/\/baptisten.at\/en\/churches-in-upper-austria\/\" \/>\n<meta property=\"og:locale\" content=\"en_US\" \/>\n<meta property=\"og:type\" content=\"article\" \/>\n<meta property=\"og:title\" content=\"Churches in Upper Austria - Bund der Baptistengemeinden in \u00d6sterreich\" \/>\n<meta property=\"og:description\" content=\"Baptist Churches in Upper Austria\" \/>\n<meta property=\"og:url\" content=\"https:\/\/baptisten.at\/en\/churches-in-upper-austria\/\" \/>\n<meta property=\"og:site_name\" content=\"Bund der Baptistengemeinden in \u00d6sterreich\" \/>\n<meta name=\"twitter:card\" content=\"summary_large_image\" \/>\n<script type=\"application\/ld+json\" class=\"yoast-schema-graph\">{\"@context\":\"https:\\\/\\\/schema.org\",\"@graph\":[{\"@type\":\"WebPage\",\"@id\":\"https:\\\/\\\/baptisten.at\\\/en\\\/churches-in-upper-austria\\\/\",\"url\":\"https:\\\/\\\/baptisten.at\\\/en\\\/churches-in-upper-austria\\\/\",\"name\":\"Churches in Upper Austria - Bund der Baptistengemeinden in \u00d6sterreich\",\"isPartOf\":{\"@id\":\"https:\\\/\\\/baptisten.at\\\/en\\\/#website\"},\"datePublished\":\"2026-02-26T10:04:47+00:00\",\"description\":\"Baptist Churches in Upper Austria\",\"breadcrumb\":{\"@id\":\"https:\\\/\\\/baptisten.at\\\/en\\\/churches-in-upper-austria\\\/#breadcrumb\"},\"inLanguage\":\"en-US\",\"potentialAction\":[{\"@type\":\"ReadAction\",\"target\":[\"https:\\\/\\\/baptisten.at\\\/en\\\/churches-in-upper-austria\\\/\"]}]},{\"@type\":\"BreadcrumbList\",\"@id\":\"https:\\\/\\\/baptisten.at\\\/en\\\/churches-in-upper-austria\\\/#breadcrumb\",\"itemListElement\":[{\"@type\":\"ListItem\",\"position\":1,\"name\":\"Home\",\"item\":\"https:\\\/\\\/baptisten.at\\\/en\\\/\"},{\"@type\":\"ListItem\",\"position\":2,\"name\":\"Churches in Upper Austria\"}]},{\"@type\":\"WebSite\",\"@id\":\"https:\\\/\\\/baptisten.at\\\/en\\\/#website\",\"url\":\"https:\\\/\\\/baptisten.at\\\/en\\\/\",\"name\":\"Bund der Baptistengemeinden in \u00d6sterreich\",\"description\":\"\",\"publisher\":{\"@id\":\"https:\\\/\\\/baptisten.at\\\/en\\\/#organization\"},\"potentialAction\":[{\"@type\":\"SearchAction\",\"target\":{\"@type\":\"EntryPoint\",\"urlTemplate\":\"https:\\\/\\\/baptisten.at\\\/en\\\/?s={search_term_string}\"},\"query-input\":{\"@type\":\"PropertyValueSpecification\",\"valueRequired\":true,\"valueName\":\"search_term_string\"}}],\"inLanguage\":\"en-US\"},{\"@type\":\"Organization\",\"@id\":\"https:\\\/\\\/baptisten.at\\\/en\\\/#organization\",\"name\":\"Bund der Baptistengemeinden in \u00d6sterreich\",\"url\":\"https:\\\/\\\/baptisten.at\\\/en\\\/\",\"logo\":{\"@type\":\"ImageObject\",\"inLanguage\":\"en-US\",\"@id\":\"https:\\\/\\\/baptisten.at\\\/en\\\/#\\\/schema\\\/logo\\\/image\\\/\",\"url\":\"https:\\\/\\\/baptisten.at\\\/wp-content\\\/uploads\\\/2022\\\/12\\\/cropped-logo.png\",\"contentUrl\":\"https:\\\/\\\/baptisten.at\\\/wp-content\\\/uploads\\\/2022\\\/12\\\/cropped-logo.png\",\"width\":192,\"height\":87,\"caption\":\"Bund der Baptistengemeinden in \u00d6sterreich\"},\"image\":{\"@id\":\"https:\\\/\\\/baptisten.at\\\/en\\\/#\\\/schema\\\/logo\\\/image\\\/\"}}]}<\/script>\n<!-- \/ Yoast SEO plugin. -->","yoast_head_json":{"title":"Churches in Upper Austria - Bund der Baptistengemeinden in \u00d6sterreich","description":"Baptist Churches in Upper Austria","robots":{"index":"index","follow":"follow","max-snippet":"max-snippet:-1","max-image-preview":"max-image-preview:large","max-video-preview":"max-video-preview:-1"},"canonical":"https:\/\/baptisten.at\/en\/churches-in-upper-austria\/","og_locale":"en_US","og_type":"article","og_title":"Churches in Upper Austria - Bund der Baptistengemeinden in \u00d6sterreich","og_description":"Baptist Churches in Upper Austria","og_url":"https:\/\/baptisten.at\/en\/churches-in-upper-austria\/","og_site_name":"Bund der Baptistengemeinden in \u00d6sterreich","twitter_card":"summary_large_image","schema":{"@context":"https:\/\/schema.org","@graph":[{"@type":"WebPage","@id":"https:\/\/baptisten.at\/en\/churches-in-upper-austria\/","url":"https:\/\/baptisten.at\/en\/churches-in-upper-austria\/","name":"Churches in Upper Austria - Bund der Baptistengemeinden in \u00d6sterreich","isPartOf":{"@id":"https:\/\/baptisten.at\/en\/#website"},"datePublished":"2026-02-26T10:04:47+00:00","description":"Baptist Churches in Upper Austria","breadcrumb":{"@id":"https:\/\/baptisten.at\/en\/churches-in-upper-austria\/#breadcrumb"},"inLanguage":"en-US","potentialAction":[{"@type":"ReadAction","target":["https:\/\/baptisten.at\/en\/churches-in-upper-austria\/"]}]},{"@type":"BreadcrumbList","@id":"https:\/\/baptisten.at\/en\/churches-in-upper-austria\/#breadcrumb","itemListElement":[{"@type":"ListItem","position":1,"name":"Home","item":"https:\/\/baptisten.at\/en\/"},{"@type":"ListItem","position":2,"name":"Churches in Upper Austria"}]},{"@type":"WebSite","@id":"https:\/\/baptisten.at\/en\/#website","url":"https:\/\/baptisten.at\/en\/","name":"Bund der Baptistengemeinden in \u00d6sterreich","description":"","publisher":{"@id":"https:\/\/baptisten.at\/en\/#organization"},"potentialAction":[{"@type":"SearchAction","target":{"@type":"EntryPoint","urlTemplate":"https:\/\/baptisten.at\/en\/?s={search_term_string}"},"query-input":{"@type":"PropertyValueSpecification","valueRequired":true,"valueName":"search_term_string"}}],"inLanguage":"en-US"},{"@type":"Organization","@id":"https:\/\/baptisten.at\/en\/#organization","name":"Bund der Baptistengemeinden in \u00d6sterreich","url":"https:\/\/baptisten.at\/en\/","logo":{"@type":"ImageObject","inLanguage":"en-US","@id":"https:\/\/baptisten.at\/en\/#\/schema\/logo\/image\/","url":"https:\/\/baptisten.at\/wp-content\/uploads\/2022\/12\/cropped-logo.png","contentUrl":"https:\/\/baptisten.at\/wp-content\/uploads\/2022\/12\/cropped-logo.png","width":192,"height":87,"caption":"Bund der Baptistengemeinden in \u00d6sterreich"},"image":{"@id":"https:\/\/baptisten.at\/en\/#\/schema\/logo\/image\/"}}]}},"_links":{"self":[{"href":"https:\/\/baptisten.at\/en\/wp-json\/wp\/v2\/pages\/1396","targetHints":{"allow":["GET"]}}],"collection":[{"href":"https:\/\/baptisten.at\/en\/wp-json\/wp\/v2\/pages"}],"about":[{"href":"https:\/\/baptisten.at\/en\/wp-json\/wp\/v2\/types\/page"}],"author":[{"embeddable":true,"href":"https:\/\/baptisten.at\/en\/wp-json\/wp\/v2\/users\/4"}],"replies":[{"embeddable":true,"href":"https:\/\/baptisten.at\/en\/wp-json\/wp\/v2\/comments?post=1396"}],"version-history":[{"count":5,"href":"https:\/\/baptisten.at\/en\/wp-json\/wp\/v2\/pages\/1396\/revisions"}],"predecessor-version":[{"id":1405,"href":"https:\/\/baptisten.at\/en\/wp-json\/wp\/v2\/pages\/1396\/revisions\/1405"}],"wp:attachment":[{"href":"https:\/\/baptisten.at\/en\/wp-json\/wp\/v2\/media?parent=1396"}],"curies":[{"name":"wp","href":"https:\/\/api.w.org\/{rel}","templated":true}]}}