{"id":1523,"date":"2026-02-26T09:58:42","date_gmt":"2026-02-26T09:58:42","guid":{"rendered":"https:\/\/baptisten.at\/our-ministries\/world-mission\/"},"modified":"2026-02-24T15:45:17","modified_gmt":"2026-02-24T15:45:17","slug":"world-mission","status":"publish","type":"page","link":"https:\/\/baptisten.at\/en\/our-ministries\/world-mission\/","title":{"rendered":"World Mission"},"content":{"rendered":"\n<blockquote class=\"wp-block-quote is-layout-flow wp-block-quote-is-layout-flow\">\n<p>\u00bbTherefore go <br\/>and make disciples of all nations,<br\/> baptizing them in the name of the Father <br\/>and of the Son and of the Holy Spirit,<br\/> and teaching them to obey everything I have commanded you.<br\/> And surely <br\/> I am with you always, to the very end of the age!\u00ab<\/p>\n<cite>Jesus<\/cite><\/blockquote>\n\n<p>Der BBG\u00d6 ist einer von 28 Baptistenb\u00fcnden in Europa, Lateinamerika und Afrika, die gemeinsam die Arbeit der <strong>Europ\u00e4ischen Baptistischen Mission<\/strong> (<a href=\"https:\/\/www.ebm-international.org\/de\/\" target=\"_blank\" rel=\"noreferrer noopener\">EBM INTERNATIONAL<\/a>) tragen. Ihr Ziel: Menschen weltweit in ihren geistlichen und materiellen Bed\u00fcrfnissen zur Seite stehen. <br\/> <br\/> EBM INTERNATIONAL f\u00f6rdert Projekte in sieben L\u00e4ndern Afrikas, in f\u00fcnf L\u00e4ndern Lateinamerikas und in Indien. Sie stimmt sich bei der Arbeit in Schulen, Kinderheimen, Krankenh\u00e4usern und anderen Einrichtungen eng mit ihren Partnerkirchen vor Ort ab. <br\/> <br\/> EBM INTERNATIONAL will die Liebe Gottes weitergeben \u2013 ganzheitlich, als notwendige Hilfe, basis- und gemeindebezogen. Sie versteht und verantwortet ihre weltmissionarischen Aktivit\u00e4ten im Auftrag der Gemeinden. Ihre Missionare aus unterschiedlichen L\u00e4ndern sind gegenseitig auf den verschiedenen Kontinenten im Einsatz. EBM INTERNATIONAL sieht Weltmission als aktive, gemeinsame Verantwortung f\u00fcr die eine Welt Gottes \u2013 f\u00fcr Frieden, Gerechtigkeit und die Bewahrung der Sch\u00f6pfung. <\/p>\n\n<p>Many Austrians have worked as missionaries with EBM INTERNATIONAL in the past and now bring their experience to the work in Austria.<\/p>\n\n<div class=\"wp-block-button aligncenter\"><a class=\"wp-block-button__link wp-element-button\" href=\"https:\/\/baptisten.at\/en\/our-ministries\/counselling-supervision-and-more\/\">Next<\/a><\/div>\n\n<div style=\"height:100px\" aria-hidden=\"true\" class=\"wp-block-spacer\"><\/div>\n","protected":false},"excerpt":{"rendered":"<p>\u00bbTherefore go and make disciples of all nations, baptizing them in the name of the Father and of the Son and of the Holy Spirit, and teaching them to obey everything I have commanded you. And surely I am with you always, to the very end of the age!\u00ab Jesus Der BBG\u00d6 ist einer von &hellip; <\/p>\n<p class=\"link-more\"><a href=\"https:\/\/baptisten.at\/en\/our-ministries\/world-mission\/\" class=\"more-link\">Read more<span class=\"screen-reader-text\"> &#8220;World Mission&#8221;<\/span><\/a><\/p>\n","protected":false},"author":2,"featured_media":1131,"parent":1506,"menu_order":0,"comment_status":"closed","ping_status":"closed","template":"","meta":{"inspiro_hide_title":false,"footnotes":""},"class_list":["post-1523","page","type-page","status-publish","has-post-thumbnail","hentry"],"yoast_head":"<!-- This site is optimized with the Yoast SEO plugin v27.6 - https:\/\/yoast.com\/product\/yoast-seo-wordpress\/ -->\n<title>World Mission - Bund der Baptistengemeinden in \u00d6sterreich<\/title>\n<meta name=\"description\" content=\"World mission is not a one-way street. It is particularly important to our European missionary society to work with our partners on an equal footing.\" \/>\n<meta name=\"robots\" content=\"index, follow, max-snippet:-1, max-image-preview:large, max-video-preview:-1\" \/>\n<link rel=\"canonical\" href=\"https:\/\/baptisten.at\/en\/our-ministries\/world-mission\/\" \/>\n<meta property=\"og:locale\" content=\"en_US\" \/>\n<meta property=\"og:type\" content=\"article\" \/>\n<meta property=\"og:title\" content=\"World Mission - Bund der Baptistengemeinden in \u00d6sterreich\" \/>\n<meta property=\"og:description\" content=\"World mission is not a one-way street. It is particularly important to our European missionary society to work with our partners on an equal footing.\" \/>\n<meta property=\"og:url\" content=\"https:\/\/baptisten.at\/en\/our-ministries\/world-mission\/\" \/>\n<meta property=\"og:site_name\" content=\"Bund der Baptistengemeinden in \u00d6sterreich\" \/>\n<meta property=\"og:image\" content=\"https:\/\/baptisten.at\/wp-content\/uploads\/2020\/02\/2020_Missionskonferenz-der-Baptisten-160-scaled.jpg\" \/>\n\t<meta property=\"og:image:width\" content=\"2560\" \/>\n\t<meta property=\"og:image:height\" content=\"1709\" \/>\n\t<meta property=\"og:image:type\" content=\"image\/jpeg\" \/>\n<meta name=\"twitter:card\" content=\"summary_large_image\" \/>\n<meta name=\"twitter:label1\" content=\"Est. reading time\" \/>\n\t<meta name=\"twitter:data1\" content=\"1 minute\" \/>\n<script type=\"application\/ld+json\" class=\"yoast-schema-graph\">{\"@context\":\"https:\\\/\\\/schema.org\",\"@graph\":[{\"@type\":\"WebPage\",\"@id\":\"https:\\\/\\\/baptisten.at\\\/en\\\/our-ministries\\\/world-mission\\\/\",\"url\":\"https:\\\/\\\/baptisten.at\\\/en\\\/our-ministries\\\/world-mission\\\/\",\"name\":\"World Mission - Bund der Baptistengemeinden in \u00d6sterreich\",\"isPartOf\":{\"@id\":\"https:\\\/\\\/baptisten.at\\\/en\\\/#website\"},\"primaryImageOfPage\":{\"@id\":\"https:\\\/\\\/baptisten.at\\\/en\\\/our-ministries\\\/world-mission\\\/#primaryimage\"},\"image\":{\"@id\":\"https:\\\/\\\/baptisten.at\\\/en\\\/our-ministries\\\/world-mission\\\/#primaryimage\"},\"thumbnailUrl\":\"https:\\\/\\\/baptisten.at\\\/wp-content\\\/uploads\\\/2020\\\/02\\\/2020_Missionskonferenz-der-Baptisten-160-scaled.jpg\",\"datePublished\":\"2026-02-26T09:58:42+00:00\",\"description\":\"World mission is not a one-way street. It is particularly important to our European missionary society to work with our partners on an equal footing.\",\"breadcrumb\":{\"@id\":\"https:\\\/\\\/baptisten.at\\\/en\\\/our-ministries\\\/world-mission\\\/#breadcrumb\"},\"inLanguage\":\"en-US\",\"potentialAction\":[{\"@type\":\"ReadAction\",\"target\":[\"https:\\\/\\\/baptisten.at\\\/en\\\/our-ministries\\\/world-mission\\\/\"]}]},{\"@type\":\"ImageObject\",\"inLanguage\":\"en-US\",\"@id\":\"https:\\\/\\\/baptisten.at\\\/en\\\/our-ministries\\\/world-mission\\\/#primaryimage\",\"url\":\"https:\\\/\\\/baptisten.at\\\/wp-content\\\/uploads\\\/2020\\\/02\\\/2020_Missionskonferenz-der-Baptisten-160-scaled.jpg\",\"contentUrl\":\"https:\\\/\\\/baptisten.at\\\/wp-content\\\/uploads\\\/2020\\\/02\\\/2020_Missionskonferenz-der-Baptisten-160-scaled.jpg\",\"width\":2560,\"height\":1709},{\"@type\":\"BreadcrumbList\",\"@id\":\"https:\\\/\\\/baptisten.at\\\/en\\\/our-ministries\\\/world-mission\\\/#breadcrumb\",\"itemListElement\":[{\"@type\":\"ListItem\",\"position\":1,\"name\":\"Home\",\"item\":\"https:\\\/\\\/baptisten.at\\\/en\\\/\"},{\"@type\":\"ListItem\",\"position\":2,\"name\":\"Participation\",\"item\":\"https:\\\/\\\/baptisten.at\\\/en\\\/our-ministries\\\/\"},{\"@type\":\"ListItem\",\"position\":3,\"name\":\"World Mission\"}]},{\"@type\":\"WebSite\",\"@id\":\"https:\\\/\\\/baptisten.at\\\/en\\\/#website\",\"url\":\"https:\\\/\\\/baptisten.at\\\/en\\\/\",\"name\":\"Bund der Baptistengemeinden in \u00d6sterreich\",\"description\":\"\",\"publisher\":{\"@id\":\"https:\\\/\\\/baptisten.at\\\/en\\\/#organization\"},\"potentialAction\":[{\"@type\":\"SearchAction\",\"target\":{\"@type\":\"EntryPoint\",\"urlTemplate\":\"https:\\\/\\\/baptisten.at\\\/en\\\/?s={search_term_string}\"},\"query-input\":{\"@type\":\"PropertyValueSpecification\",\"valueRequired\":true,\"valueName\":\"search_term_string\"}}],\"inLanguage\":\"en-US\"},{\"@type\":\"Organization\",\"@id\":\"https:\\\/\\\/baptisten.at\\\/en\\\/#organization\",\"name\":\"Bund der Baptistengemeinden in \u00d6sterreich\",\"url\":\"https:\\\/\\\/baptisten.at\\\/en\\\/\",\"logo\":{\"@type\":\"ImageObject\",\"inLanguage\":\"en-US\",\"@id\":\"https:\\\/\\\/baptisten.at\\\/en\\\/#\\\/schema\\\/logo\\\/image\\\/\",\"url\":\"https:\\\/\\\/baptisten.at\\\/wp-content\\\/uploads\\\/2022\\\/12\\\/cropped-logo.png\",\"contentUrl\":\"https:\\\/\\\/baptisten.at\\\/wp-content\\\/uploads\\\/2022\\\/12\\\/cropped-logo.png\",\"width\":192,\"height\":87,\"caption\":\"Bund der Baptistengemeinden in \u00d6sterreich\"},\"image\":{\"@id\":\"https:\\\/\\\/baptisten.at\\\/en\\\/#\\\/schema\\\/logo\\\/image\\\/\"}}]}<\/script>\n<!-- \/ Yoast SEO plugin. -->","yoast_head_json":{"title":"World Mission - Bund der Baptistengemeinden in \u00d6sterreich","description":"World mission is not a one-way street. It is particularly important to our European missionary society to work with our partners on an equal footing.","robots":{"index":"index","follow":"follow","max-snippet":"max-snippet:-1","max-image-preview":"max-image-preview:large","max-video-preview":"max-video-preview:-1"},"canonical":"https:\/\/baptisten.at\/en\/our-ministries\/world-mission\/","og_locale":"en_US","og_type":"article","og_title":"World Mission - Bund der Baptistengemeinden in \u00d6sterreich","og_description":"World mission is not a one-way street. It is particularly important to our European missionary society to work with our partners on an equal footing.","og_url":"https:\/\/baptisten.at\/en\/our-ministries\/world-mission\/","og_site_name":"Bund der Baptistengemeinden in \u00d6sterreich","og_image":[{"width":2560,"height":1709,"url":"https:\/\/baptisten.at\/wp-content\/uploads\/2020\/02\/2020_Missionskonferenz-der-Baptisten-160-scaled.jpg","type":"image\/jpeg"}],"twitter_card":"summary_large_image","twitter_misc":{"Est. reading time":"1 minute"},"schema":{"@context":"https:\/\/schema.org","@graph":[{"@type":"WebPage","@id":"https:\/\/baptisten.at\/en\/our-ministries\/world-mission\/","url":"https:\/\/baptisten.at\/en\/our-ministries\/world-mission\/","name":"World Mission - Bund der Baptistengemeinden in \u00d6sterreich","isPartOf":{"@id":"https:\/\/baptisten.at\/en\/#website"},"primaryImageOfPage":{"@id":"https:\/\/baptisten.at\/en\/our-ministries\/world-mission\/#primaryimage"},"image":{"@id":"https:\/\/baptisten.at\/en\/our-ministries\/world-mission\/#primaryimage"},"thumbnailUrl":"https:\/\/baptisten.at\/wp-content\/uploads\/2020\/02\/2020_Missionskonferenz-der-Baptisten-160-scaled.jpg","datePublished":"2026-02-26T09:58:42+00:00","description":"World mission is not a one-way street. It is particularly important to our European missionary society to work with our partners on an equal footing.","breadcrumb":{"@id":"https:\/\/baptisten.at\/en\/our-ministries\/world-mission\/#breadcrumb"},"inLanguage":"en-US","potentialAction":[{"@type":"ReadAction","target":["https:\/\/baptisten.at\/en\/our-ministries\/world-mission\/"]}]},{"@type":"ImageObject","inLanguage":"en-US","@id":"https:\/\/baptisten.at\/en\/our-ministries\/world-mission\/#primaryimage","url":"https:\/\/baptisten.at\/wp-content\/uploads\/2020\/02\/2020_Missionskonferenz-der-Baptisten-160-scaled.jpg","contentUrl":"https:\/\/baptisten.at\/wp-content\/uploads\/2020\/02\/2020_Missionskonferenz-der-Baptisten-160-scaled.jpg","width":2560,"height":1709},{"@type":"BreadcrumbList","@id":"https:\/\/baptisten.at\/en\/our-ministries\/world-mission\/#breadcrumb","itemListElement":[{"@type":"ListItem","position":1,"name":"Home","item":"https:\/\/baptisten.at\/en\/"},{"@type":"ListItem","position":2,"name":"Participation","item":"https:\/\/baptisten.at\/en\/our-ministries\/"},{"@type":"ListItem","position":3,"name":"World Mission"}]},{"@type":"WebSite","@id":"https:\/\/baptisten.at\/en\/#website","url":"https:\/\/baptisten.at\/en\/","name":"Bund der Baptistengemeinden in \u00d6sterreich","description":"","publisher":{"@id":"https:\/\/baptisten.at\/en\/#organization"},"potentialAction":[{"@type":"SearchAction","target":{"@type":"EntryPoint","urlTemplate":"https:\/\/baptisten.at\/en\/?s={search_term_string}"},"query-input":{"@type":"PropertyValueSpecification","valueRequired":true,"valueName":"search_term_string"}}],"inLanguage":"en-US"},{"@type":"Organization","@id":"https:\/\/baptisten.at\/en\/#organization","name":"Bund der Baptistengemeinden in \u00d6sterreich","url":"https:\/\/baptisten.at\/en\/","logo":{"@type":"ImageObject","inLanguage":"en-US","@id":"https:\/\/baptisten.at\/en\/#\/schema\/logo\/image\/","url":"https:\/\/baptisten.at\/wp-content\/uploads\/2022\/12\/cropped-logo.png","contentUrl":"https:\/\/baptisten.at\/wp-content\/uploads\/2022\/12\/cropped-logo.png","width":192,"height":87,"caption":"Bund der Baptistengemeinden in \u00d6sterreich"},"image":{"@id":"https:\/\/baptisten.at\/en\/#\/schema\/logo\/image\/"}}]}},"_links":{"self":[{"href":"https:\/\/baptisten.at\/en\/wp-json\/wp\/v2\/pages\/1523","targetHints":{"allow":["GET"]}}],"collection":[{"href":"https:\/\/baptisten.at\/en\/wp-json\/wp\/v2\/pages"}],"about":[{"href":"https:\/\/baptisten.at\/en\/wp-json\/wp\/v2\/types\/page"}],"author":[{"embeddable":true,"href":"https:\/\/baptisten.at\/en\/wp-json\/wp\/v2\/users\/2"}],"replies":[{"embeddable":true,"href":"https:\/\/baptisten.at\/en\/wp-json\/wp\/v2\/comments?post=1523"}],"version-history":[{"count":4,"href":"https:\/\/baptisten.at\/en\/wp-json\/wp\/v2\/pages\/1523\/revisions"}],"predecessor-version":[{"id":2350,"href":"https:\/\/baptisten.at\/en\/wp-json\/wp\/v2\/pages\/1523\/revisions\/2350"}],"up":[{"embeddable":true,"href":"https:\/\/baptisten.at\/en\/wp-json\/wp\/v2\/pages\/1506"}],"wp:featuredmedia":[{"embeddable":true,"href":"https:\/\/baptisten.at\/en\/wp-json\/wp\/v2\/media\/1131"}],"wp:attachment":[{"href":"https:\/\/baptisten.at\/en\/wp-json\/wp\/v2\/media?parent=1523"}],"curies":[{"name":"wp","href":"https:\/\/api.w.org\/{rel}","templated":true}]}}